{"id":54846,"date":"2024-12-12T20:18:48","date_gmt":"2024-12-12T20:18:48","guid":{"rendered":"https:\/\/ksm-fotografie.ch\/htm\/?page_id=54846"},"modified":"2024-12-15T20:51:59","modified_gmt":"2024-12-15T20:51:59","slug":"buecher","status":"publish","type":"page","link":"https:\/\/ksm-fotografie.ch\/htm\/buecher\/","title":{"rendered":"B\u00fccher"},"content":{"rendered":"\t\t<div data-elementor-type=\"wp-page\" data-elementor-id=\"54846\" class=\"elementor elementor-54846\">\n\t\t\t\t\t\t<section class=\"elementor-section elementor-top-section elementor-element elementor-element-3d14617 elementor-section-boxed elementor-section-height-default elementor-section-height-default\" data-id=\"3d14617\" data-element_type=\"section\" data-e-type=\"section\">\n\t\t\t\t\t\t<div class=\"elementor-container elementor-column-gap-default\">\n\t\t\t\t\t<div class=\"elementor-column elementor-col-100 elementor-top-column elementor-element elementor-element-57f4c39\" data-id=\"57f4c39\" data-element_type=\"column\" data-e-type=\"column\">\n\t\t\t<div class=\"elementor-widget-wrap elementor-element-populated\">\n\t\t\t\t\t\t<div class=\"elementor-element elementor-element-32d49f7 elementor-widget elementor-widget-heading\" data-id=\"32d49f7\" data-element_type=\"widget\" data-e-type=\"widget\" data-widget_type=\"heading.default\">\n\t\t\t\t<div class=\"elementor-widget-container\">\n\t\t\t\t\t<h1 class=\"elementor-heading-title elementor-size-default\">Meine B\u00fccher<\/h1>\t\t\t\t<\/div>\n\t\t\t\t<\/div>\n\t\t\t\t<div class=\"elementor-element elementor-element-907d61e elementor-widget elementor-widget-heading\" data-id=\"907d61e\" data-element_type=\"widget\" data-e-type=\"widget\" data-widget_type=\"heading.default\">\n\t\t\t\t<div class=\"elementor-widget-container\">\n\t\t\t\t\t<p class=\"elementor-heading-title elementor-size-default\">wollen gelesen werden - online oder offline.<\/p>\t\t\t\t<\/div>\n\t\t\t\t<\/div>\n\t\t\t\t<div class=\"elementor-element elementor-element-c993b87 elementor-widget elementor-widget-text-editor\" data-id=\"c993b87\" data-element_type=\"widget\" data-e-type=\"widget\" data-widget_type=\"text-editor.default\">\n\t\t\t\t<div class=\"elementor-widget-container\">\n\t\t\t\t\t\t\t\t\t<p style=\"text-align: center; font-size: 16px;\">Mein unb\u00e4ndiger Drang nach Ausdruck in Wort und Schrift wurde mir,<br \/>mit Sonne und Merkur im dritten Haus zu meiner Geburtsstunde,<br \/>quasi in die Wiege gelegt.<\/p><p>Beruflich f\u00fchrte mich mein Leben folgerichtig \u00fcber spannende Umwege vom Schreiben von<br \/>K\u00fcstenf\u00fchrern \u00fcber den Regional- schliesslich zum Lokaljournalismus.<br \/>Auch privat folge ich seit Jahren dem Ruf der Sterne und pr\u00e4sentiere euch hier,<br \/>nerv\u00f6s und mit klopfendem Herzen meinen Erstlingsroman.<\/p><p>\u00a0<\/p><h5 style=\"text-align: center; font-weight: 400;\"><strong>\u00abVon allen Welten, die der Mensch erschaffen hat,<\/strong><br \/><strong>ist die der B\u00fccher die Gewaltigste.\u00bb<\/strong><\/h5><p style=\"text-align: center; font-size: 10px;\">Heinrich Heine<\/p>\t\t\t\t\t\t\t\t<\/div>\n\t\t\t\t<\/div>\n\t\t\t\t<div class=\"elementor-element elementor-element-69c544b elementor-widget-divider--view-line elementor-widget elementor-widget-divider\" data-id=\"69c544b\" data-element_type=\"widget\" data-e-type=\"widget\" data-widget_type=\"divider.default\">\n\t\t\t\t<div class=\"elementor-widget-container\">\n\t\t\t\t\t\t\t<div class=\"elementor-divider\">\n\t\t\t<span class=\"elementor-divider-separator\">\n\t\t\t\t\t\t<\/span>\n\t\t<\/div>\n\t\t\t\t\t\t<\/div>\n\t\t\t\t<\/div>\n\t\t\t\t\t<\/div>\n\t\t<\/div>\n\t\t\t\t\t<\/div>\n\t\t<\/section>\n\t\t\t\t<section class=\"elementor-section elementor-top-section elementor-element elementor-element-63453cc elementor-section-boxed elementor-section-height-default elementor-section-height-default\" data-id=\"63453cc\" data-element_type=\"section\" data-e-type=\"section\">\n\t\t\t\t\t\t<div class=\"elementor-container elementor-column-gap-default\">\n\t\t\t\t\t<div class=\"elementor-column elementor-col-100 elementor-top-column elementor-element elementor-element-dbd9899\" data-id=\"dbd9899\" data-element_type=\"column\" data-e-type=\"column\">\n\t\t\t<div class=\"elementor-widget-wrap elementor-element-populated\">\n\t\t\t\t\t\t<div class=\"elementor-element elementor-element-def8bd3 elementor-widget elementor-widget-heading\" data-id=\"def8bd3\" data-element_type=\"widget\" data-e-type=\"widget\" data-widget_type=\"heading.default\">\n\t\t\t\t<div class=\"elementor-widget-container\">\n\t\t\t\t\t<h2 class=\"elementor-heading-title elementor-size-default\">Belletristik<\/h2>\t\t\t\t<\/div>\n\t\t\t\t<\/div>\n\t\t\t\t<div class=\"elementor-element elementor-element-4df3843 elementor-widget elementor-widget-spacer\" data-id=\"4df3843\" data-element_type=\"widget\" data-e-type=\"widget\" data-widget_type=\"spacer.default\">\n\t\t\t\t<div class=\"elementor-widget-container\">\n\t\t\t\t\t\t\t<div class=\"elementor-spacer\">\n\t\t\t<div class=\"elementor-spacer-inner\"><\/div>\n\t\t<\/div>\n\t\t\t\t\t\t<\/div>\n\t\t\t\t<\/div>\n\t\t\t\t<div class=\"elementor-element elementor-element-abfaa0b elementor-widget elementor-widget-heading\" data-id=\"abfaa0b\" data-element_type=\"widget\" data-e-type=\"widget\" data-widget_type=\"heading.default\">\n\t\t\t\t<div class=\"elementor-widget-container\">\n\t\t\t\t\t<h3 class=\"elementor-heading-title elementor-size-default\">Pfupfwil Voralpen(k)romane<\/h3>\t\t\t\t<\/div>\n\t\t\t\t<\/div>\n\t\t\t\t<div class=\"elementor-element elementor-element-060c2f1 elementor-widget elementor-widget-spacer\" data-id=\"060c2f1\" data-element_type=\"widget\" data-e-type=\"widget\" data-widget_type=\"spacer.default\">\n\t\t\t\t<div class=\"elementor-widget-container\">\n\t\t\t\t\t\t\t<div class=\"elementor-spacer\">\n\t\t\t<div class=\"elementor-spacer-inner\"><\/div>\n\t\t<\/div>\n\t\t\t\t\t\t<\/div>\n\t\t\t\t<\/div>\n\t\t\t\t\t<\/div>\n\t\t<\/div>\n\t\t\t\t\t<\/div>\n\t\t<\/section>\n\t\t\t\t<section class=\"elementor-section elementor-top-section elementor-element elementor-element-2ab0e2b elementor-section-boxed elementor-section-height-default elementor-section-height-default\" data-id=\"2ab0e2b\" data-element_type=\"section\" data-e-type=\"section\">\n\t\t\t\t\t\t<div class=\"elementor-container elementor-column-gap-default\">\n\t\t\t\t\t<div class=\"elementor-column elementor-col-33 elementor-top-column elementor-element elementor-element-fe4e02e\" data-id=\"fe4e02e\" data-element_type=\"column\" data-e-type=\"column\">\n\t\t\t<div class=\"elementor-widget-wrap elementor-element-populated\">\n\t\t\t\t\t\t<div class=\"elementor-element elementor-element-3d34b9a elementor-widget elementor-widget-image\" data-id=\"3d34b9a\" data-element_type=\"widget\" data-e-type=\"widget\" data-widget_type=\"image.default\">\n\t\t\t\t<div class=\"elementor-widget-container\">\n\t\t\t\t\t\t\t\t\t\t\t\t\t\t\t\t<a href=\"https:\/\/ksm-fotografie.ch\/htm\/buecher\/dolmenfieber\/\">\n\t\t\t\t\t\t\t<img fetchpriority=\"high\" decoding=\"async\" width=\"683\" height=\"1024\" src=\"https:\/\/ksm-fotografie.ch\/htm\/wp-content\/uploads\/Dolmenfieber-Kerem-S.-Maurer-EBook-TB-683x1024.png\" class=\"attachment-large size-large wp-image-54915\" alt=\"Dolmenfieber - Titelbild E-Book - Kerem S. Maurer\" srcset=\"https:\/\/ksm-fotografie.ch\/htm\/wp-content\/uploads\/Dolmenfieber-Kerem-S.-Maurer-EBook-TB-683x1024.png 683w, https:\/\/ksm-fotografie.ch\/htm\/wp-content\/uploads\/Dolmenfieber-Kerem-S.-Maurer-EBook-TB-200x300.png 200w, https:\/\/ksm-fotografie.ch\/htm\/wp-content\/uploads\/Dolmenfieber-Kerem-S.-Maurer-EBook-TB-768x1152.png 768w, https:\/\/ksm-fotografie.ch\/htm\/wp-content\/uploads\/Dolmenfieber-Kerem-S.-Maurer-EBook-TB-1024x1536.png 1024w, https:\/\/ksm-fotografie.ch\/htm\/wp-content\/uploads\/Dolmenfieber-Kerem-S.-Maurer-EBook-TB-800x1200.png 800w, https:\/\/ksm-fotografie.ch\/htm\/wp-content\/uploads\/Dolmenfieber-Kerem-S.-Maurer-EBook-TB.png 1200w\" sizes=\"(max-width: 683px) 100vw, 683px\" \/>\t\t\t\t\t\t\t\t<\/a>\n\t\t\t\t\t\t\t\t\t\t\t\t\t\t\t<\/div>\n\t\t\t\t<\/div>\n\t\t\t\t\t<\/div>\n\t\t<\/div>\n\t\t\t\t<div class=\"elementor-column elementor-col-66 elementor-top-column elementor-element elementor-element-7165838\" data-id=\"7165838\" data-element_type=\"column\" data-e-type=\"column\">\n\t\t\t<div class=\"elementor-widget-wrap elementor-element-populated\">\n\t\t\t\t\t\t<div class=\"elementor-element elementor-element-ef86c65 elementor-widget elementor-widget-text-editor\" data-id=\"ef86c65\" data-element_type=\"widget\" data-e-type=\"widget\" data-widget_type=\"text-editor.default\">\n\t\t\t\t<div class=\"elementor-widget-container\">\n\t\t\t\t\t\t\t\t\t<h4 style=\"color: #b30404;\"><strong>DOLMENFIEBER<\/strong><\/h4><p lang=\"de-DE\"><span style=\"font-family: Tahoma, sans-serif;\">In Pfupfwil, wo Intrigen und Erpressung allt\u00e4glich sind, will der zugezogene Caspar Canetti als Kurdirektor den Einheimischen zeigen, welche Kuh die gr\u00f6\u00dfte Glocke tr\u00e4gt. Doch als im Chrottenwald eine Leiche gefunden wird, brechen im kleinen Voralpendorf d\u00fcstere Zeiten an. Ein keltisches Ganggrab wird zum blutigen Schauplatz einer jagdg\u00f6ttlichen Rache, w\u00e4hrend skrupellose Gesch\u00e4ftemacherinnen Pfupfwils touristisches Flaggschiff zugrunde richten \u2013 doch in dieser Voralpenrepublik sollte man sich keine Feinde machen. Polizeioberleutnant Thierry B\u00fchlmann versucht, Licht in die d\u00fcsteren Geheimnisse des schattigen Waldes zu bringen. Doch als es auf einer Waldlichtung w\u00e4hrend eines Volksfestes zu einem blutigen Gefecht kommt, scheinen seine Bem\u00fchungen vergeblich gewesen zu sein.<\/span><\/p>\t\t\t\t\t\t\t\t<\/div>\n\t\t\t\t<\/div>\n\t\t\t\t<div class=\"elementor-element elementor-element-c2cc308 elementor-widget elementor-widget-spacer\" data-id=\"c2cc308\" data-element_type=\"widget\" data-e-type=\"widget\" data-widget_type=\"spacer.default\">\n\t\t\t\t<div class=\"elementor-widget-container\">\n\t\t\t\t\t\t\t<div class=\"elementor-spacer\">\n\t\t\t<div class=\"elementor-spacer-inner\"><\/div>\n\t\t<\/div>\n\t\t\t\t\t\t<\/div>\n\t\t\t\t<\/div>\n\t\t\t\t<div class=\"elementor-element elementor-element-0b7628d elementor-align-left elementor-widget elementor-widget-button\" data-id=\"0b7628d\" data-element_type=\"widget\" data-e-type=\"widget\" data-widget_type=\"button.default\">\n\t\t\t\t<div class=\"elementor-widget-container\">\n\t\t\t\t\t\t\t\t\t<div class=\"elementor-button-wrapper\">\n\t\t\t\t\t<a class=\"elementor-button elementor-button-link elementor-size-sm\" href=\"https:\/\/ksm-fotografie.ch\/htm\/buecher\/dolmenfieber\/\">\n\t\t\t\t\t\t<span class=\"elementor-button-content-wrapper\">\n\t\t\t\t\t\t\t\t\t<span class=\"elementor-button-text\">Mehr Infos<\/span>\n\t\t\t\t\t<\/span>\n\t\t\t\t\t<\/a>\n\t\t\t\t<\/div>\n\t\t\t\t\t\t\t\t<\/div>\n\t\t\t\t<\/div>\n\t\t\t\t\t<\/div>\n\t\t<\/div>\n\t\t\t\t\t<\/div>\n\t\t<\/section>\n\t\t\t\t<section class=\"elementor-section elementor-top-section elementor-element elementor-element-3b192b5 elementor-section-boxed elementor-section-height-default elementor-section-height-default\" data-id=\"3b192b5\" data-element_type=\"section\" data-e-type=\"section\">\n\t\t\t\t\t\t<div class=\"elementor-container elementor-column-gap-default\">\n\t\t\t\t\t<div class=\"elementor-column elementor-col-100 elementor-top-column elementor-element elementor-element-08f54e0\" data-id=\"08f54e0\" data-element_type=\"column\" data-e-type=\"column\">\n\t\t\t<div class=\"elementor-widget-wrap elementor-element-populated\">\n\t\t\t\t\t\t<div class=\"elementor-element elementor-element-afda95d elementor-widget-divider--view-line elementor-widget elementor-widget-divider\" data-id=\"afda95d\" data-element_type=\"widget\" data-e-type=\"widget\" data-widget_type=\"divider.default\">\n\t\t\t\t<div class=\"elementor-widget-container\">\n\t\t\t\t\t\t\t<div class=\"elementor-divider\">\n\t\t\t<span class=\"elementor-divider-separator\">\n\t\t\t\t\t\t<\/span>\n\t\t<\/div>\n\t\t\t\t\t\t<\/div>\n\t\t\t\t<\/div>\n\t\t\t\t\t<\/div>\n\t\t<\/div>\n\t\t\t\t\t<\/div>\n\t\t<\/section>\n\t\t\t\t<section class=\"elementor-section elementor-top-section elementor-element elementor-element-30f1f04 elementor-section-boxed elementor-section-height-default elementor-section-height-default\" data-id=\"30f1f04\" data-element_type=\"section\" data-e-type=\"section\">\n\t\t\t\t\t\t<div class=\"elementor-container elementor-column-gap-default\">\n\t\t\t\t\t<div class=\"elementor-column elementor-col-100 elementor-top-column elementor-element elementor-element-58cb9f0\" data-id=\"58cb9f0\" data-element_type=\"column\" data-e-type=\"column\">\n\t\t\t<div class=\"elementor-widget-wrap elementor-element-populated\">\n\t\t\t\t\t\t<div class=\"elementor-element elementor-element-1bac22e elementor-widget elementor-widget-heading\" data-id=\"1bac22e\" data-element_type=\"widget\" data-e-type=\"widget\" data-widget_type=\"heading.default\">\n\t\t\t\t<div class=\"elementor-widget-container\">\n\t\t\t\t\t<h2 class=\"elementor-heading-title elementor-size-default\">K\u00fcstenf\u00fchrer<\/h2>\t\t\t\t<\/div>\n\t\t\t\t<\/div>\n\t\t\t\t<div class=\"elementor-element elementor-element-f14edd6 elementor-widget elementor-widget-spacer\" data-id=\"f14edd6\" data-element_type=\"widget\" data-e-type=\"widget\" data-widget_type=\"spacer.default\">\n\t\t\t\t<div class=\"elementor-widget-container\">\n\t\t\t\t\t\t\t<div class=\"elementor-spacer\">\n\t\t\t<div class=\"elementor-spacer-inner\"><\/div>\n\t\t<\/div>\n\t\t\t\t\t\t<\/div>\n\t\t\t\t<\/div>\n\t\t\t\t<div class=\"elementor-element elementor-element-dfb7da6 elementor-widget elementor-widget-heading\" data-id=\"dfb7da6\" data-element_type=\"widget\" data-e-type=\"widget\" data-widget_type=\"heading.default\">\n\t\t\t\t<div class=\"elementor-widget-container\">\n\t\t\t\t\t<h3 class=\"elementor-heading-title elementor-size-default\">Deutsche Ostsee<\/h3>\t\t\t\t<\/div>\n\t\t\t\t<\/div>\n\t\t\t\t<div class=\"elementor-element elementor-element-d79e2bf elementor-widget elementor-widget-spacer\" data-id=\"d79e2bf\" data-element_type=\"widget\" data-e-type=\"widget\" data-widget_type=\"spacer.default\">\n\t\t\t\t<div class=\"elementor-widget-container\">\n\t\t\t\t\t\t\t<div class=\"elementor-spacer\">\n\t\t\t<div class=\"elementor-spacer-inner\"><\/div>\n\t\t<\/div>\n\t\t\t\t\t\t<\/div>\n\t\t\t\t<\/div>\n\t\t\t\t\t<\/div>\n\t\t<\/div>\n\t\t\t\t\t<\/div>\n\t\t<\/section>\n\t\t\t\t<section class=\"elementor-section elementor-top-section elementor-element elementor-element-0f84629 elementor-section-boxed elementor-section-height-default elementor-section-height-default\" data-id=\"0f84629\" data-element_type=\"section\" data-e-type=\"section\">\n\t\t\t\t\t\t<div class=\"elementor-container elementor-column-gap-default\">\n\t\t\t\t\t<div class=\"elementor-column elementor-col-33 elementor-top-column elementor-element elementor-element-6e7dc5d\" data-id=\"6e7dc5d\" data-element_type=\"column\" data-e-type=\"column\">\n\t\t\t<div class=\"elementor-widget-wrap elementor-element-populated\">\n\t\t\t\t\t\t<div class=\"elementor-element elementor-element-4665d64 elementor-widget elementor-widget-image\" data-id=\"4665d64\" data-element_type=\"widget\" data-e-type=\"widget\" data-widget_type=\"image.default\">\n\t\t\t\t<div class=\"elementor-widget-container\">\n\t\t\t\t\t\t\t\t\t\t\t\t\t\t\t<img decoding=\"async\" width=\"491\" height=\"670\" src=\"https:\/\/ksm-fotografie.ch\/htm\/wp-content\/uploads\/Deckblatt_KF_Ostsee.jpg\" class=\"attachment-large size-large wp-image-54987\" alt=\"Die K\u00fcsten der deutschen OSTSEE - Umschlag Vorderseite - Schweizer Leuchtturm GmbH - Kerem S. Maurer\" srcset=\"https:\/\/ksm-fotografie.ch\/htm\/wp-content\/uploads\/Deckblatt_KF_Ostsee.jpg 491w, https:\/\/ksm-fotografie.ch\/htm\/wp-content\/uploads\/Deckblatt_KF_Ostsee-220x300.jpg 220w\" sizes=\"(max-width: 491px) 100vw, 491px\" \/>\t\t\t\t\t\t\t\t\t\t\t\t\t\t\t<\/div>\n\t\t\t\t<\/div>\n\t\t\t\t\t<\/div>\n\t\t<\/div>\n\t\t\t\t<div class=\"elementor-column elementor-col-66 elementor-top-column elementor-element elementor-element-806d3f5\" data-id=\"806d3f5\" data-element_type=\"column\" data-e-type=\"column\">\n\t\t\t<div class=\"elementor-widget-wrap elementor-element-populated\">\n\t\t\t\t\t\t<div class=\"elementor-element elementor-element-c22ada0 elementor-widget elementor-widget-text-editor\" data-id=\"c22ada0\" data-element_type=\"widget\" data-e-type=\"widget\" data-widget_type=\"text-editor.default\">\n\t\t\t\t<div class=\"elementor-widget-container\">\n\t\t\t\t\t\t\t\t\t<h4 style=\"color: #b30404;\"><strong>Die K\u00fcsten der deutschen OSTSEE<\/strong><\/h4><p lang=\"de-DE\"><span style=\"font-family: Tahoma, sans-serif;\"><strong>K\u00fcstenf\u00fchrer<\/strong><br \/>XXX<\/span><\/p>\t\t\t\t\t\t\t\t<\/div>\n\t\t\t\t<\/div>\n\t\t\t\t<div class=\"elementor-element elementor-element-cc78e51 elementor-widget elementor-widget-spacer\" data-id=\"cc78e51\" data-element_type=\"widget\" data-e-type=\"widget\" data-widget_type=\"spacer.default\">\n\t\t\t\t<div class=\"elementor-widget-container\">\n\t\t\t\t\t\t\t<div class=\"elementor-spacer\">\n\t\t\t<div class=\"elementor-spacer-inner\"><\/div>\n\t\t<\/div>\n\t\t\t\t\t\t<\/div>\n\t\t\t\t<\/div>\n\t\t\t\t\t<\/div>\n\t\t<\/div>\n\t\t\t\t\t<\/div>\n\t\t<\/section>\n\t\t\t\t<section class=\"elementor-section elementor-top-section elementor-element elementor-element-e416291 elementor-section-boxed elementor-section-height-default elementor-section-height-default\" data-id=\"e416291\" data-element_type=\"section\" data-e-type=\"section\">\n\t\t\t\t\t\t<div class=\"elementor-container elementor-column-gap-default\">\n\t\t\t\t\t<div class=\"elementor-column elementor-col-100 elementor-top-column elementor-element elementor-element-4830995\" data-id=\"4830995\" data-element_type=\"column\" data-e-type=\"column\">\n\t\t\t<div class=\"elementor-widget-wrap elementor-element-populated\">\n\t\t\t\t\t\t<div class=\"elementor-element elementor-element-7cb4bfe elementor-widget-divider--view-line elementor-widget elementor-widget-divider\" data-id=\"7cb4bfe\" data-element_type=\"widget\" data-e-type=\"widget\" data-widget_type=\"divider.default\">\n\t\t\t\t<div class=\"elementor-widget-container\">\n\t\t\t\t\t\t\t<div class=\"elementor-divider\">\n\t\t\t<span class=\"elementor-divider-separator\">\n\t\t\t\t\t\t<\/span>\n\t\t<\/div>\n\t\t\t\t\t\t<\/div>\n\t\t\t\t<\/div>\n\t\t\t\t<div class=\"elementor-element elementor-element-bf2dd53 elementor-widget elementor-widget-heading\" data-id=\"bf2dd53\" data-element_type=\"widget\" data-e-type=\"widget\" data-widget_type=\"heading.default\">\n\t\t\t\t<div class=\"elementor-widget-container\">\n\t\t\t\t\t<h3 class=\"elementor-heading-title elementor-size-default\">Deutsche Nordsee<\/h3>\t\t\t\t<\/div>\n\t\t\t\t<\/div>\n\t\t\t\t<div class=\"elementor-element elementor-element-b4d89fb elementor-widget elementor-widget-spacer\" data-id=\"b4d89fb\" data-element_type=\"widget\" data-e-type=\"widget\" data-widget_type=\"spacer.default\">\n\t\t\t\t<div class=\"elementor-widget-container\">\n\t\t\t\t\t\t\t<div class=\"elementor-spacer\">\n\t\t\t<div class=\"elementor-spacer-inner\"><\/div>\n\t\t<\/div>\n\t\t\t\t\t\t<\/div>\n\t\t\t\t<\/div>\n\t\t\t\t\t<\/div>\n\t\t<\/div>\n\t\t\t\t\t<\/div>\n\t\t<\/section>\n\t\t\t\t<section class=\"elementor-section elementor-top-section elementor-element elementor-element-de9dd81 elementor-section-boxed elementor-section-height-default elementor-section-height-default\" data-id=\"de9dd81\" data-element_type=\"section\" data-e-type=\"section\">\n\t\t\t\t\t\t<div class=\"elementor-container elementor-column-gap-default\">\n\t\t\t\t\t<div class=\"elementor-column elementor-col-33 elementor-top-column elementor-element elementor-element-0241ef9\" data-id=\"0241ef9\" data-element_type=\"column\" data-e-type=\"column\">\n\t\t\t<div class=\"elementor-widget-wrap elementor-element-populated\">\n\t\t\t\t\t\t<div class=\"elementor-element elementor-element-4801552 elementor-widget elementor-widget-image\" data-id=\"4801552\" data-element_type=\"widget\" data-e-type=\"widget\" data-widget_type=\"image.default\">\n\t\t\t\t<div class=\"elementor-widget-container\">\n\t\t\t\t\t\t\t\t\t\t\t\t\t\t\t<img decoding=\"async\" width=\"491\" height=\"670\" src=\"https:\/\/ksm-fotografie.ch\/htm\/wp-content\/uploads\/Deckblatt_KF_Nordsee.jpg\" class=\"attachment-large size-large wp-image-54988\" alt=\"\" srcset=\"https:\/\/ksm-fotografie.ch\/htm\/wp-content\/uploads\/Deckblatt_KF_Nordsee.jpg 491w, https:\/\/ksm-fotografie.ch\/htm\/wp-content\/uploads\/Deckblatt_KF_Nordsee-220x300.jpg 220w\" sizes=\"(max-width: 491px) 100vw, 491px\" \/>\t\t\t\t\t\t\t\t\t\t\t\t\t\t\t<\/div>\n\t\t\t\t<\/div>\n\t\t\t\t\t<\/div>\n\t\t<\/div>\n\t\t\t\t<div class=\"elementor-column elementor-col-66 elementor-top-column elementor-element elementor-element-84ea7b9\" data-id=\"84ea7b9\" data-element_type=\"column\" data-e-type=\"column\">\n\t\t\t<div class=\"elementor-widget-wrap elementor-element-populated\">\n\t\t\t\t\t\t<div class=\"elementor-element elementor-element-67f0d75 elementor-widget elementor-widget-text-editor\" data-id=\"67f0d75\" data-element_type=\"widget\" data-e-type=\"widget\" data-widget_type=\"text-editor.default\">\n\t\t\t\t<div class=\"elementor-widget-container\">\n\t\t\t\t\t\t\t\t\t<h4 style=\"color: #b30404;\"><strong>Die K\u00fcsten der deutschen NORDSEE<\/strong><\/h4><p lang=\"de-DE\"><span style=\"font-family: Tahoma, sans-serif;\">K\u00fcstenf\u00fchrer<br \/>XXX<\/span><\/p>\t\t\t\t\t\t\t\t<\/div>\n\t\t\t\t<\/div>\n\t\t\t\t<div class=\"elementor-element elementor-element-1698abe elementor-widget elementor-widget-spacer\" data-id=\"1698abe\" data-element_type=\"widget\" data-e-type=\"widget\" data-widget_type=\"spacer.default\">\n\t\t\t\t<div class=\"elementor-widget-container\">\n\t\t\t\t\t\t\t<div class=\"elementor-spacer\">\n\t\t\t<div class=\"elementor-spacer-inner\"><\/div>\n\t\t<\/div>\n\t\t\t\t\t\t<\/div>\n\t\t\t\t<\/div>\n\t\t\t\t\t<\/div>\n\t\t<\/div>\n\t\t\t\t\t<\/div>\n\t\t<\/section>\n\t\t\t\t<\/div>\n\t\t","protected":false},"excerpt":{"rendered":"<p>Meine B\u00fccher wollen gelesen werden &#8211; online oder offline. Mein unb\u00e4ndiger Drang nach Ausdruck in Wort und Schrift wurde mir,mit Sonne und Merkur im dritten Haus zu meiner Geburtsstunde,quasi in die Wiege gelegt. Beruflich f\u00fchrte mich mein Leben folgerichtig \u00fcber spannende Umwege vom Schreiben vonK\u00fcstenf\u00fchrern \u00fcber den Regional- schliesslich zum Lokaljournalismus.Auch privat folge ich seit Jahren dem Ruf der Sterne und pr\u00e4sentiere euch hier,nerv\u00f6s und mit klopfendem Herzen meinen Erstlingsroman. \u00a0 \u00abVon allen Welten, die der Mensch erschaffen hat,ist die [&hellip;]<\/p>\n","protected":false},"author":1,"featured_media":0,"parent":0,"menu_order":0,"comment_status":"closed","ping_status":"closed","template":"elementor_header_footer","meta":{"footnotes":""},"class_list":["post-54846","page","type-page","status-publish","hentry"],"_links":{"self":[{"href":"https:\/\/ksm-fotografie.ch\/htm\/wp-json\/wp\/v2\/pages\/54846","targetHints":{"allow":["GET"]}}],"collection":[{"href":"https:\/\/ksm-fotografie.ch\/htm\/wp-json\/wp\/v2\/pages"}],"about":[{"href":"https:\/\/ksm-fotografie.ch\/htm\/wp-json\/wp\/v2\/types\/page"}],"author":[{"embeddable":true,"href":"https:\/\/ksm-fotografie.ch\/htm\/wp-json\/wp\/v2\/users\/1"}],"replies":[{"embeddable":true,"href":"https:\/\/ksm-fotografie.ch\/htm\/wp-json\/wp\/v2\/comments?post=54846"}],"version-history":[{"count":113,"href":"https:\/\/ksm-fotografie.ch\/htm\/wp-json\/wp\/v2\/pages\/54846\/revisions"}],"predecessor-version":[{"id":55033,"href":"https:\/\/ksm-fotografie.ch\/htm\/wp-json\/wp\/v2\/pages\/54846\/revisions\/55033"}],"wp:attachment":[{"href":"https:\/\/ksm-fotografie.ch\/htm\/wp-json\/wp\/v2\/media?parent=54846"}],"curies":[{"name":"wp","href":"https:\/\/api.w.org\/{rel}","templated":true}]}}