{"id":17246,"date":"2021-04-13T06:46:43","date_gmt":"2021-04-13T06:46:43","guid":{"rendered":"https:\/\/ksm-fotografie.ch\/htm\/?page_id=17246"},"modified":"2021-04-13T08:23:43","modified_gmt":"2021-04-13T08:23:43","slug":"agb-ksm","status":"publish","type":"page","link":"https:\/\/ksm-fotografie.ch\/htm\/rechtliches-preise\/agb-ksm\/","title":{"rendered":"AGB"},"content":{"rendered":"<div id=\"pl-17246\"  class=\"panel-layout\" ><div id=\"pg-17246-0\"  class=\"panel-grid panel-no-style\" ><div id=\"pgc-17246-0-0\"  class=\"panel-grid-cell\" ><div id=\"panel-17246-0-0-0\" class=\"so-panel widget widget_sow-editor panel-first-child panel-last-child\" data-index=\"0\" ><div\n\t\t\t\n\t\t\tclass=\"so-widget-sow-editor so-widget-sow-editor-base\"\n\t\t\t\n\t\t>\n<div class=\"siteorigin-widget-tinymce textwidget\">\n\t<p><!-- wp:paragraph --><\/p>\n<p><strong>Wir tun was wir k\u00f6nnen - denn wir k\u00f6nnen was wir tun!<\/strong><\/p>\n<p><!-- \/wp:paragraph --><\/p>\n<p><!-- wp:paragraph --><\/p>\n<p>Zu jedem Shooting, egal ob es sich um Menschen, Tiere oder Produkte handelt, geh\u00f6rt ein pers\u00f6nliches Vorgespr\u00e4ch. Wir lernen uns kennen und sehen, ob die Chemie stimmt. <br \/>Wir kl\u00e4ren, was Sie fotografiert haben wollen, in welchem Style und wo das ganze stattfinden soll, ob im Studio, bei Ihnen zu hause oder irgendwo ,on-location'. <br \/>Jedes Bild wird einzeln ausgesucht, nachbearbeitet und f\u00fcr Sie optimiert - 100% Handarbeit!<\/p>\n<p><!-- \/wp:paragraph --><\/p>\n<p><!-- wp:paragraph --><\/p>\n<p><strong>Unser Fotografie Angebot - \"Ihr Sujet im Fokus - Drinnen wie draussen!\"<\/strong><\/p>\n<p><!-- \/wp:paragraph --><\/p>\n<\/div>\n<\/div><\/div><\/div><\/div><\/div>","protected":false},"excerpt":{"rendered":"<p>Wir tun was wir k\u00f6nnen &#8211; denn wir k\u00f6nnen was wir tun! Zu jedem Shooting, egal ob es sich um Menschen, Tiere oder Produkte handelt, geh\u00f6rt ein pers\u00f6nliches Vorgespr\u00e4ch. Wir lernen uns kennen und sehen, ob die Chemie stimmt. Wir kl\u00e4ren, was Sie fotografiert haben wollen, in welchem Style und wo das ganze stattfinden soll, ob im Studio, bei Ihnen zu hause oder irgendwo ,on-location&#8216;. Jedes Bild wird einzeln ausgesucht, nachbearbeitet und f\u00fcr Sie optimiert &#8211; 100% Handarbeit! Unser Fotografie [&hellip;]<\/p>\n","protected":false},"author":1,"featured_media":0,"parent":14283,"menu_order":0,"comment_status":"closed","ping_status":"closed","template":"","meta":{"footnotes":""},"class_list":["post-17246","page","type-page","status-publish","hentry"],"_links":{"self":[{"href":"https:\/\/ksm-fotografie.ch\/htm\/wp-json\/wp\/v2\/pages\/17246","targetHints":{"allow":["GET"]}}],"collection":[{"href":"https:\/\/ksm-fotografie.ch\/htm\/wp-json\/wp\/v2\/pages"}],"about":[{"href":"https:\/\/ksm-fotografie.ch\/htm\/wp-json\/wp\/v2\/types\/page"}],"author":[{"embeddable":true,"href":"https:\/\/ksm-fotografie.ch\/htm\/wp-json\/wp\/v2\/users\/1"}],"replies":[{"embeddable":true,"href":"https:\/\/ksm-fotografie.ch\/htm\/wp-json\/wp\/v2\/comments?post=17246"}],"version-history":[{"count":19,"href":"https:\/\/ksm-fotografie.ch\/htm\/wp-json\/wp\/v2\/pages\/17246\/revisions"}],"predecessor-version":[{"id":17313,"href":"https:\/\/ksm-fotografie.ch\/htm\/wp-json\/wp\/v2\/pages\/17246\/revisions\/17313"}],"up":[{"embeddable":true,"href":"https:\/\/ksm-fotografie.ch\/htm\/wp-json\/wp\/v2\/pages\/14283"}],"wp:attachment":[{"href":"https:\/\/ksm-fotografie.ch\/htm\/wp-json\/wp\/v2\/media?parent=17246"}],"curies":[{"name":"wp","href":"https:\/\/api.w.org\/{rel}","templated":true}]}}