{"id":16256,"date":"2021-04-05T08:26:55","date_gmt":"2021-04-05T08:26:55","guid":{"rendered":"https:\/\/ksm-fotografie.ch\/htm\/?page_id=16256"},"modified":"2021-04-09T06:33:22","modified_gmt":"2021-04-09T06:33:22","slug":"portrait","status":"publish","type":"page","link":"https:\/\/ksm-fotografie.ch\/htm\/fotografie\/portrait\/","title":{"rendered":"Portr\u00e4t"},"content":{"rendered":"<div id=\"pl-16256\"  class=\"panel-layout\" ><div id=\"pg-16256-0\"  class=\"panel-grid panel-has-style\" ><div class=\"panel-row-style panel-row-style-for-16256-0\" ><div id=\"pgc-16256-0-0\"  class=\"panel-grid-cell\" ><div id=\"panel-16256-0-0-0\" class=\"so-panel widget widget_sow-editor panel-first-child panel-last-child\" data-index=\"0\" ><div class=\"panel-widget-style panel-widget-style-for-16256-0-0-0\" ><div\n\t\t\t\n\t\t\tclass=\"so-widget-sow-editor so-widget-sow-editor-base\"\n\t\t\t\n\t\t>\n<div class=\"siteorigin-widget-tinymce textwidget\">\n\t<h2 style=\"font-weight: 600; color: #eeeeee; margin-bottom: 36px; margin-top: 36px; padding-top: 56px; padding-bottom: 48px; line-height: 53px; text-align: center;\">PORTR\u00c4T<\/h2>\n<p style=\"text-align: center;\"><\/p>\n<\/div>\n<\/div><\/div><\/div><\/div><\/div><\/div><div id=\"pg-16256-1\"  class=\"panel-grid panel-has-style\" ><div class=\"panel-row-style panel-row-style-for-16256-1\" ><div id=\"pgc-16256-1-0\"  class=\"panel-grid-cell panel-grid-cell-mobile-last\" ><div id=\"panel-16256-1-0-0\" class=\"so-panel widget widget_sow-editor panel-first-child panel-last-child\" data-index=\"1\" ><div class=\"panel-widget-style panel-widget-style-for-16256-1-0-0\" ><div\n\t\t\t\n\t\t\tclass=\"so-widget-sow-editor so-widget-sow-editor-base\"\n\t\t\t\n\t\t>\n<div class=\"siteorigin-widget-tinymce textwidget\">\n\t<h4 style=\"font-weight: 400; text-align: center;\">PORTR\u00c4T - AUSDR\u00dcCKE &amp; MIMIK<\/h4>\n<h5 style=\"text-align: center;\">Die Portr\u00e4tfotografie ist wohl die <strong>Weiterf\u00fchrung der Portr\u00e4tmalerei<\/strong> unserer Vorfahren.<br \/>\nUnd genau wie damals kommt der Ausdruck, der zu port\u00e4tierenden Person, am st\u00e4rksten hervor, wenn sie sitzt.<br \/>\nUns reizt die Herausforderung, Sie so nat\u00fcrlich wie m\u00f6glich abzubilden,<br \/>\nIhr Wesen darzustellen und Ihnen die authentischste Seite Ihres Seins zu zeigen.<\/h5>\n<\/div>\n<\/div><\/div><\/div><\/div><div id=\"pgc-16256-1-1\"  class=\"panel-grid-cell panel-grid-cell-empty\" ><\/div><\/div><\/div><\/div>","protected":false},"excerpt":{"rendered":"<p>PORTR\u00c4T PORTR\u00c4T &#8211; AUSDR\u00dcCKE &amp; MIMIK Die Portr\u00e4tfotografie ist wohl die Weiterf\u00fchrung der Portr\u00e4tmalerei unserer Vorfahren. Und genau wie damals kommt der Ausdruck, der zu port\u00e4tierenden Person, am st\u00e4rksten hervor, wenn sie sitzt. Uns reizt die Herausforderung, Sie so nat\u00fcrlich wie m\u00f6glich abzubilden, Ihr Wesen darzustellen und Ihnen die authentischste Seite Ihres Seins zu zeigen.<\/p>\n","protected":false},"author":1,"featured_media":0,"parent":14277,"menu_order":0,"comment_status":"open","ping_status":"closed","template":"","meta":{"footnotes":""},"class_list":["post-16256","page","type-page","status-publish","hentry"],"_links":{"self":[{"href":"https:\/\/ksm-fotografie.ch\/htm\/wp-json\/wp\/v2\/pages\/16256","targetHints":{"allow":["GET"]}}],"collection":[{"href":"https:\/\/ksm-fotografie.ch\/htm\/wp-json\/wp\/v2\/pages"}],"about":[{"href":"https:\/\/ksm-fotografie.ch\/htm\/wp-json\/wp\/v2\/types\/page"}],"author":[{"embeddable":true,"href":"https:\/\/ksm-fotografie.ch\/htm\/wp-json\/wp\/v2\/users\/1"}],"replies":[{"embeddable":true,"href":"https:\/\/ksm-fotografie.ch\/htm\/wp-json\/wp\/v2\/comments?post=16256"}],"version-history":[{"count":4,"href":"https:\/\/ksm-fotografie.ch\/htm\/wp-json\/wp\/v2\/pages\/16256\/revisions"}],"predecessor-version":[{"id":16568,"href":"https:\/\/ksm-fotografie.ch\/htm\/wp-json\/wp\/v2\/pages\/16256\/revisions\/16568"}],"up":[{"embeddable":true,"href":"https:\/\/ksm-fotografie.ch\/htm\/wp-json\/wp\/v2\/pages\/14277"}],"wp:attachment":[{"href":"https:\/\/ksm-fotografie.ch\/htm\/wp-json\/wp\/v2\/media?parent=16256"}],"curies":[{"name":"wp","href":"https:\/\/api.w.org\/{rel}","templated":true}]}}