{"id":15296,"date":"2021-03-27T14:52:40","date_gmt":"2021-03-27T14:52:40","guid":{"rendered":"https:\/\/ksm-fotografie.ch\/htm\/?page_id=15296"},"modified":"2021-04-10T15:51:00","modified_gmt":"2021-04-10T15:51:00","slug":"innen-architektur","status":"publish","type":"page","link":"https:\/\/ksm-fotografie.ch\/htm\/fotografie\/innen-architektur\/","title":{"rendered":"Innen- &#038; Architektur"},"content":{"rendered":"<div id=\"pl-15296\"  class=\"panel-layout\" ><div id=\"pg-15296-0\"  class=\"panel-grid panel-has-style\" ><div class=\"panel-row-style panel-row-style-for-15296-0\" ><div id=\"pgc-15296-0-0\"  class=\"panel-grid-cell\" ><div id=\"panel-15296-0-0-0\" class=\"so-panel widget widget_sow-editor panel-first-child panel-last-child\" data-index=\"0\" ><div class=\"panel-widget-style panel-widget-style-for-15296-0-0-0\" ><div\n\t\t\t\n\t\t\tclass=\"so-widget-sow-editor so-widget-sow-editor-base\"\n\t\t\t\n\t\t>\n<div class=\"siteorigin-widget-tinymce textwidget\">\n\t<h2 style=\"font-weight: 600; color: #eeeeee; margin-bottom: 36px; margin-top: 36px; padding-top: 56px; padding-bottom: 48px; line-height: 53px; text-align: center;\">INNEN- & ARCHITEKTUR<\/h2>\n<p style=\"text-align: center;\"><\/p>\n<\/div>\n<\/div><\/div><\/div><\/div><\/div><\/div><div id=\"pg-15296-1\"  class=\"panel-grid panel-has-style\" ><div class=\"panel-row-style panel-row-style-for-15296-1\" ><div id=\"pgc-15296-1-0\"  class=\"panel-grid-cell panel-grid-cell-mobile-last\" ><div id=\"panel-15296-1-0-0\" class=\"so-panel widget widget_sow-editor panel-first-child panel-last-child\" data-index=\"1\" ><div class=\"panel-widget-style panel-widget-style-for-15296-1-0-0\" ><div\n\t\t\t\n\t\t\tclass=\"so-widget-sow-editor so-widget-sow-editor-base\"\n\t\t\t\n\t\t>\n<div class=\"siteorigin-widget-tinymce textwidget\">\n\t<h4 style=\"font-weight: 400; text-align: center;\">INNEN- &amp; ARCHITEKTUR - WINKEL &amp; FLUCHTEN<\/h4>\n<h5 style=\"text-align: center;\">Ob Aussenfassaden oder Innenr\u00e4ume. Wir lieben die perspektivische Herausforderung,<br \/>\nSchatten und Licht in optimaler Abstimmung und die Faszination verschiedener architektonischen Baustile.<br \/>\nF\u00fcr Architekten, Bauherren und Hauseigent\u00fcmer begleiten wir fotografisch die einzelnen Bauphasen Ihres Bauprojekts - vom Start bis hin zu Ihrem fertigen Geb\u00e4ude.<\/h5>\n<\/div>\n<\/div><\/div><\/div><\/div><div id=\"pgc-15296-1-1\"  class=\"panel-grid-cell panel-grid-cell-empty\" ><\/div><\/div><\/div><\/div>","protected":false},"excerpt":{"rendered":"<p>INNEN- &#038; ARCHITEKTUR INNEN- &amp; ARCHITEKTUR &#8211; WINKEL &amp; FLUCHTEN Ob Aussenfassaden oder Innenr\u00e4ume. Wir lieben die perspektivische Herausforderung, Schatten und Licht in optimaler Abstimmung und die Faszination verschiedener architektonischen Baustile. F\u00fcr Architekten, Bauherren und Hauseigent\u00fcmer begleiten wir fotografisch die einzelnen Bauphasen Ihres Bauprojekts &#8211; vom Start bis hin zu Ihrem fertigen Geb\u00e4ude.<\/p>\n","protected":false},"author":1,"featured_media":0,"parent":14277,"menu_order":0,"comment_status":"open","ping_status":"closed","template":"","meta":{"footnotes":""},"class_list":["post-15296","page","type-page","status-publish","hentry"],"_links":{"self":[{"href":"https:\/\/ksm-fotografie.ch\/htm\/wp-json\/wp\/v2\/pages\/15296","targetHints":{"allow":["GET"]}}],"collection":[{"href":"https:\/\/ksm-fotografie.ch\/htm\/wp-json\/wp\/v2\/pages"}],"about":[{"href":"https:\/\/ksm-fotografie.ch\/htm\/wp-json\/wp\/v2\/types\/page"}],"author":[{"embeddable":true,"href":"https:\/\/ksm-fotografie.ch\/htm\/wp-json\/wp\/v2\/users\/1"}],"replies":[{"embeddable":true,"href":"https:\/\/ksm-fotografie.ch\/htm\/wp-json\/wp\/v2\/comments?post=15296"}],"version-history":[{"count":4,"href":"https:\/\/ksm-fotografie.ch\/htm\/wp-json\/wp\/v2\/pages\/15296\/revisions"}],"predecessor-version":[{"id":16798,"href":"https:\/\/ksm-fotografie.ch\/htm\/wp-json\/wp\/v2\/pages\/15296\/revisions\/16798"}],"up":[{"embeddable":true,"href":"https:\/\/ksm-fotografie.ch\/htm\/wp-json\/wp\/v2\/pages\/14277"}],"wp:attachment":[{"href":"https:\/\/ksm-fotografie.ch\/htm\/wp-json\/wp\/v2\/media?parent=15296"}],"curies":[{"name":"wp","href":"https:\/\/api.w.org\/{rel}","templated":true}]}}