{"id":14347,"date":"2021-02-06T17:33:20","date_gmt":"2021-02-06T17:33:20","guid":{"rendered":"https:\/\/ksm-fotografie.ch\/htm\/?page_id=14347"},"modified":"2021-04-05T08:55:53","modified_gmt":"2021-04-05T08:55:53","slug":"konzerte-bands","status":"publish","type":"page","link":"https:\/\/ksm-fotografie.ch\/htm\/fotografie\/konzerte-bands\/","title":{"rendered":"Konzerte &#038; Bands"},"content":{"rendered":"<div id=\"pl-14347\"  class=\"panel-layout\" ><div id=\"pg-14347-0\"  class=\"panel-grid panel-has-style\" ><div class=\"panel-row-style panel-row-style-for-14347-0\" ><div id=\"pgc-14347-0-0\"  class=\"panel-grid-cell\" ><div id=\"panel-14347-0-0-0\" class=\"so-panel widget widget_sow-editor panel-first-child panel-last-child\" data-index=\"0\" ><div class=\"panel-widget-style panel-widget-style-for-14347-0-0-0\" ><div\n\t\t\t\n\t\t\tclass=\"so-widget-sow-editor so-widget-sow-editor-base\"\n\t\t\t\n\t\t>\n<div class=\"siteorigin-widget-tinymce textwidget\">\n\t<h2 style=\"font-weight: 600; color: #eeeeee; margin-bottom: 36px; margin-top: 36px; padding-top: 56px; padding-bottom: 48px; line-height: 53px; text-align: center;\">KONZERTE &amp; BANDS<\/h2>\n<p style=\"text-align: center;\"><\/p>\n<\/div>\n<\/div><\/div><\/div><\/div><\/div><\/div><div id=\"pg-14347-1\"  class=\"panel-grid panel-has-style\" ><div class=\"panel-row-style panel-row-style-for-14347-1\" ><div id=\"pgc-14347-1-0\"  class=\"panel-grid-cell panel-grid-cell-mobile-last\" ><div id=\"panel-14347-1-0-0\" class=\"so-panel widget widget_sow-editor panel-first-child panel-last-child\" data-index=\"1\" ><div class=\"panel-widget-style panel-widget-style-for-14347-1-0-0\" ><div\n\t\t\t\n\t\t\tclass=\"so-widget-sow-editor so-widget-sow-editor-base\"\n\t\t\t\n\t\t>\n<div class=\"siteorigin-widget-tinymce textwidget\">\n\t<h4 style=\"font-weight: 400; text-align: center;\">KONZERTE &amp; BANDS<\/h4>\n<h5 style=\"text-align: center;\">Die authentisch-magische Verbindung zwischen Musiker\/Innen und Instrument festzuhalten, ist die ganz grosse Faszination der Konzertfotografie.<br \/>\nWir haben uns in den letzten Jahren an unz\u00e4hligen Festivals und Konzerten genau dieses Wissen und K\u00f6nnen erarbeitet<br \/>\nund empfehlen uns f\u00fcr Live-Konzertfotografie, Band- oder Covershootings.<\/h5>\n<\/div>\n<\/div><\/div><\/div><\/div><div id=\"pgc-14347-1-1\"  class=\"panel-grid-cell panel-grid-cell-empty\" ><\/div><\/div><\/div><\/div>","protected":false},"excerpt":{"rendered":"<p>KONZERTE &amp; BANDS KONZERTE &amp; BANDS Die authentisch-magische Verbindung zwischen Musiker\/Innen und Instrument festzuhalten, ist die ganz grosse Faszination der Konzertfotografie. Wir haben uns in den letzten Jahren an unz\u00e4hligen Festivals und Konzerten genau dieses Wissen und K\u00f6nnen erarbeitet und empfehlen uns f\u00fcr Live-Konzertfotografie, Band- oder Covershootings.<\/p>\n","protected":false},"author":1,"featured_media":0,"parent":14277,"menu_order":0,"comment_status":"open","ping_status":"closed","template":"","meta":{"footnotes":""},"class_list":["post-14347","page","type-page","status-publish","hentry"],"_links":{"self":[{"href":"https:\/\/ksm-fotografie.ch\/htm\/wp-json\/wp\/v2\/pages\/14347","targetHints":{"allow":["GET"]}}],"collection":[{"href":"https:\/\/ksm-fotografie.ch\/htm\/wp-json\/wp\/v2\/pages"}],"about":[{"href":"https:\/\/ksm-fotografie.ch\/htm\/wp-json\/wp\/v2\/types\/page"}],"author":[{"embeddable":true,"href":"https:\/\/ksm-fotografie.ch\/htm\/wp-json\/wp\/v2\/users\/1"}],"replies":[{"embeddable":true,"href":"https:\/\/ksm-fotografie.ch\/htm\/wp-json\/wp\/v2\/comments?post=14347"}],"version-history":[{"count":33,"href":"https:\/\/ksm-fotografie.ch\/htm\/wp-json\/wp\/v2\/pages\/14347\/revisions"}],"predecessor-version":[{"id":14372,"href":"https:\/\/ksm-fotografie.ch\/htm\/wp-json\/wp\/v2\/pages\/14347\/revisions\/14372"}],"up":[{"embeddable":true,"href":"https:\/\/ksm-fotografie.ch\/htm\/wp-json\/wp\/v2\/pages\/14277"}],"wp:attachment":[{"href":"https:\/\/ksm-fotografie.ch\/htm\/wp-json\/wp\/v2\/media?parent=14347"}],"curies":[{"name":"wp","href":"https:\/\/api.w.org\/{rel}","templated":true}]}}