{"id":11680,"date":"2019-01-31T18:35:30","date_gmt":"2019-01-31T18:35:30","guid":{"rendered":"https:\/\/ksm-fotografie.ch\/htm\/?page_id=11680"},"modified":"2025-12-11T12:58:03","modified_gmt":"2025-12-11T12:58:03","slug":"journalismus","status":"publish","type":"page","link":"https:\/\/ksm-fotografie.ch\/htm\/journalismus\/","title":{"rendered":"Journalismus"},"content":{"rendered":"<div id=\"pl-11680\"  class=\"panel-layout\" ><div id=\"pg-11680-0\"  class=\"panel-grid panel-no-style\" ><div id=\"pgc-11680-0-0\"  class=\"panel-grid-cell\" ><div id=\"panel-11680-0-0-0\" class=\"so-panel widget widget_sow-editor panel-first-child panel-last-child\" data-index=\"0\" ><div\n\t\t\t\n\t\t\tclass=\"so-widget-sow-editor so-widget-sow-editor-base\"\n\t\t\t\n\t\t><h3 class=\"widget-title\">Willkommen in meinem Schreibzimmer...<\/h3>\n<div class=\"siteorigin-widget-tinymce textwidget\">\n\t<\/div>\n<\/div><\/div><\/div><\/div><div id=\"pg-11680-1\"  class=\"panel-grid panel-no-style\" ><div id=\"pgc-11680-1-0\"  class=\"panel-grid-cell\" ><div id=\"panel-11680-1-0-0\" class=\"so-panel widget widget_sow-image panel-first-child panel-last-child\" data-index=\"1\" ><div\n\t\t\t\n\t\t\tclass=\"so-widget-sow-image so-widget-sow-image-default-8b5b6f678277-11680\"\n\t\t\t\n\t\t>\n<div class=\"sow-image-container\">\n\t\t<img fetchpriority=\"high\" \n\tsrc=\"https:\/\/ksm-fotografie.ch\/htm\/wp-content\/uploads\/ksm-fotografie-Schreibzimmer.jpg\" width=\"900\" height=\"600\" srcset=\"https:\/\/ksm-fotografie.ch\/htm\/wp-content\/uploads\/ksm-fotografie-Schreibzimmer.jpg 900w, https:\/\/ksm-fotografie.ch\/htm\/wp-content\/uploads\/ksm-fotografie-Schreibzimmer-300x200.jpg 300w, https:\/\/ksm-fotografie.ch\/htm\/wp-content\/uploads\/ksm-fotografie-Schreibzimmer-768x512.jpg 768w, https:\/\/ksm-fotografie.ch\/htm\/wp-content\/uploads\/ksm-fotografie-Schreibzimmer-800x533.jpg 800w, https:\/\/ksm-fotografie.ch\/htm\/wp-content\/uploads\/ksm-fotografie-Schreibzimmer-272x182.jpg 272w\" sizes=\"(max-width: 900px) 100vw, 900px\" title=\"Kerem S. Maurer - Journalismus - Schreibzimmer\" alt=\"Kerem S. Maurer - Journalismus - Schreibzimmer\" \t\tclass=\"so-widget-image\"\/>\n\t<\/div>\n\n<\/div><\/div><\/div><div id=\"pgc-11680-1-1\"  class=\"panel-grid-cell\" ><div id=\"panel-11680-1-1-0\" class=\"so-panel widget widget_sow-editor panel-first-child panel-last-child\" data-index=\"2\" ><div\n\t\t\t\n\t\t\tclass=\"so-widget-sow-editor so-widget-sow-editor-base\"\n\t\t\t\n\t\t>\n<div class=\"siteorigin-widget-tinymce textwidget\">\n\t<p style=\"color: #000;\">Seit \u00fcber 10 Jahren bin ich redaktionell und journalistisch t\u00e4tig. Hier finden Sie meine Arbeiten,<br \/>\ndie in meiner Funktion als freier Journalist und Autor ver\u00f6ffentlicht wurden.<\/p>\n<p style=\"color: #000;\">Zurzeit bin ich regelm\u00e4ssig f\u00fcr folgende Redaktionen als freier Journalist und Pressefotograf t\u00e4tig:<\/p>\n<h5><strong>Berner Oberl\u00e4nder - Anzeiger von Saanen<\/strong><\/h5>\n<p style=\"color: #000;\">Anfragen f\u00fcr eine interessante Zusammenarbeit von weiteren Redaktionen sind herzlich willkommen.<br \/>\n<a href=\"mailto:info@ksm-fotografie.ch?subject=Anfrage von Website - JOURNALISMUS\" title=\"Schreiben Sie mir ein Mail\">Kontaktieren Sie mich.<\/a><\/p>\n<p style=\"color: #000;\">Herzlichst Ihr Kerem S. Maurer<\/p>\n<\/div>\n<\/div><\/div><\/div><\/div><div id=\"pg-11680-2\"  class=\"panel-grid panel-no-style\" ><div id=\"pgc-11680-2-0\"  class=\"panel-grid-cell\" ><div id=\"panel-11680-2-0-0\" class=\"so-panel widget widget_sow-editor panel-first-child panel-last-child\" data-index=\"3\" ><div\n\t\t\t\n\t\t\tclass=\"so-widget-sow-editor so-widget-sow-editor-base\"\n\t\t\t\n\t\t>\n<div class=\"siteorigin-widget-tinymce textwidget\">\n\t<hr \/>\n<\/div>\n<\/div><\/div><\/div><\/div><div id=\"pg-11680-3\"  class=\"panel-grid panel-no-style\" ><div id=\"pgc-11680-3-0\"  class=\"panel-grid-cell panel-grid-cell-empty\" ><\/div><div id=\"pgc-11680-3-1\"  class=\"panel-grid-cell\" ><div id=\"panel-11680-3-1-0\" class=\"so-panel widget widget_sow-editor panel-first-child panel-last-child\" data-index=\"4\" ><div class=\"panel-widget-style panel-widget-style-for-11680-3-1-0\" ><div\n\t\t\t\n\t\t\tclass=\"so-widget-sow-editor so-widget-sow-editor-base\"\n\t\t\t\n\t\t>\n<div class=\"siteorigin-widget-tinymce textwidget\">\n\t<div align=\"center\"><a title=\"Link zur Seite - Journalistisches 2024\" href=\"https:\/\/ksm-fotografie.ch\/htm\/journalismus\/journalistisches-2024\/\"><span style=\"font-size: 32px; font-weight: 200;\"><strong>2024<\/strong><\/span><\/a><\/div>\n<\/div>\n<\/div><\/div><\/div><\/div><div id=\"pgc-11680-3-2\"  class=\"panel-grid-cell\" ><div id=\"panel-11680-3-2-0\" class=\"so-panel widget widget_sow-editor panel-first-child panel-last-child\" data-index=\"5\" ><div class=\"panel-widget-style panel-widget-style-for-11680-3-2-0\" ><div\n\t\t\t\n\t\t\tclass=\"so-widget-sow-editor so-widget-sow-editor-base\"\n\t\t\t\n\t\t>\n<div class=\"siteorigin-widget-tinymce textwidget\">\n\t<div align=\"center\"><!--<a href=\"https:\/\/ksm-fotografie.ch\/htm\/journalismus\/journalistisches-2018-1\/\" title=\"Link zur Seite - Journalistisches 2018 - 1. Semester\">--><span style=\"font-size: 32px; font-weight: 200;\"><strong>2023<\/strong><\/span><br \/>\ndemn\u00e4chst<!--<\/a>--><\/div>\n<\/div>\n<\/div><\/div><\/div><\/div><div id=\"pgc-11680-3-3\"  class=\"panel-grid-cell\" ><div id=\"panel-11680-3-3-0\" class=\"so-panel widget widget_sow-editor panel-first-child panel-last-child\" data-index=\"6\" ><div class=\"panel-widget-style panel-widget-style-for-11680-3-3-0\" ><div\n\t\t\t\n\t\t\tclass=\"so-widget-sow-editor so-widget-sow-editor-base\"\n\t\t\t\n\t\t>\n<div class=\"siteorigin-widget-tinymce textwidget\">\n\t<div align=\"center\"><!--<a title=\"Link zur Seite - Journalistisches 2022\" href=\"https:\/\/ksm-fotografie.ch\/htm\/journalismus\/journalistisches-2022\">--><span style=\"font-size: 32px; font-weight: 200;\"><strong>2022<\/strong><\/span><br \/>\ndemn\u00e4chst<!--<\/a>--><\/div>\n<\/div>\n<\/div><\/div><\/div><\/div><div id=\"pgc-11680-3-4\"  class=\"panel-grid-cell\" ><div id=\"panel-11680-3-4-0\" class=\"so-panel widget widget_sow-editor panel-first-child panel-last-child\" data-index=\"7\" ><div class=\"panel-widget-style panel-widget-style-for-11680-3-4-0\" ><div\n\t\t\t\n\t\t\tclass=\"so-widget-sow-editor so-widget-sow-editor-base\"\n\t\t\t\n\t\t>\n<div class=\"siteorigin-widget-tinymce textwidget\">\n\t<div align=\"center\"><!--<a href=\"https:\/\/ksm-fotografie.ch\/htm\/journalismus\/journalistisches-2018-1\/\" title=\"Link zur Seite - Journalistisches 2018 - 1. Semester\">--><span style=\"font-size: 32px; font-weight: 200;\"><strong>2021<\/strong><\/span><br \/>\ndemn\u00e4chst<!--<\/a>--><\/div>\n<\/div>\n<\/div><\/div><\/div><\/div><\/div><div id=\"pg-11680-4\"  class=\"panel-grid panel-no-style\" ><div id=\"pgc-11680-4-0\"  class=\"panel-grid-cell\" ><div id=\"panel-11680-4-0-0\" class=\"so-panel widget widget_sow-editor panel-first-child panel-last-child\" data-index=\"8\" ><div class=\"panel-widget-style panel-widget-style-for-11680-4-0-0\" ><div\n\t\t\t\n\t\t\tclass=\"so-widget-sow-editor so-widget-sow-editor-base\"\n\t\t\t\n\t\t>\n<div class=\"siteorigin-widget-tinymce textwidget\">\n\t<div align=\"center\"><!--<a href=\"https:\/\/ksm-fotografie.ch\/htm\/journalismus\/journalistisches-2018-2\/\" title=\"Link zur Seite - Journalistisches 2018 - 2. Semester\">--><span style=\"font-size: 32px; font-weight: 200;\"><strong>2020<\/strong><\/span><br \/>\ndemn\u00e4chst<!--<\/a>--><\/div>\n<\/div>\n<\/div><\/div><\/div><\/div><div id=\"pgc-11680-4-1\"  class=\"panel-grid-cell\" ><div id=\"panel-11680-4-1-0\" class=\"so-panel widget widget_sow-editor panel-first-child panel-last-child\" data-index=\"9\" ><div class=\"panel-widget-style panel-widget-style-for-11680-4-1-0\" ><div\n\t\t\t\n\t\t\tclass=\"so-widget-sow-editor so-widget-sow-editor-base\"\n\t\t\t\n\t\t>\n<div class=\"siteorigin-widget-tinymce textwidget\">\n\t<div align=\"center\"><!--<a href=\"https:\/\/ksm-fotografie.ch\/htm\/journalismus\/journalistisches-2019-1\/\" title=\"Link zur Seite - Journalistisches 2019 - 1. Semester\">--><span style=\"font-size: 32px; font-weight: 200;\"><strong>2019<\/strong><\/span><br \/>\ndemn\u00e4chst<!--<\/a>--><\/div>\n<\/div>\n<\/div><\/div><\/div><\/div><div id=\"pgc-11680-4-2\"  class=\"panel-grid-cell\" ><div id=\"panel-11680-4-2-0\" class=\"so-panel widget widget_sow-editor panel-first-child panel-last-child\" data-index=\"10\" ><div class=\"panel-widget-style panel-widget-style-for-11680-4-2-0\" ><div\n\t\t\t\n\t\t\tclass=\"so-widget-sow-editor so-widget-sow-editor-base\"\n\t\t\t\n\t\t>\n<div class=\"siteorigin-widget-tinymce textwidget\">\n\t<div align=\"center\"><!--<a href=\"https:\/\/ksm-fotografie.ch\/htm\/journalismus\/journalistisches-2018-1\/\" title=\"Link zur Seite - Journalistisches 2018 - 1. Semester\">--><span style=\"font-size: 32px; font-weight: 200;\"><strong>2018<\/strong><\/span><br \/>\ndemn\u00e4chst<!--<\/a>--><\/div>\n<\/div>\n<\/div><\/div><\/div><\/div><div id=\"pgc-11680-4-3\"  class=\"panel-grid-cell\" ><div id=\"panel-11680-4-3-0\" class=\"so-panel widget widget_sow-editor panel-first-child panel-last-child\" data-index=\"11\" ><div class=\"panel-widget-style panel-widget-style-for-11680-4-3-0\" ><div\n\t\t\t\n\t\t\tclass=\"so-widget-sow-editor so-widget-sow-editor-base\"\n\t\t\t\n\t\t>\n<div class=\"siteorigin-widget-tinymce textwidget\">\n\t<div align=\"center\"><!--<a href=\"https:\/\/ksm-fotografie.ch\/htm\/journalismus\/journalistisches-2017-1\/\" title=\"Link zur Seite - Journalistisches 2017 - 1. Semester\">--><span style=\"font-size: 32px; font-weight: 200;\"><strong>2017<\/strong><\/span><br \/>\ndemn\u00e4chst<!--<\/a>--><\/div>\n<\/div>\n<\/div><\/div><\/div><\/div><div id=\"pgc-11680-4-4\"  class=\"panel-grid-cell\" ><div id=\"panel-11680-4-4-0\" class=\"so-panel widget widget_sow-editor panel-first-child panel-last-child\" data-index=\"12\" ><div class=\"panel-widget-style panel-widget-style-for-11680-4-4-0\" ><div\n\t\t\t\n\t\t\tclass=\"so-widget-sow-editor so-widget-sow-editor-base\"\n\t\t\t\n\t\t>\n<div class=\"siteorigin-widget-tinymce textwidget\">\n\t<div align=\"center\"><!--<a href=\"https:\/\/ksm-fotografie.ch\/htm\/journalismus\/journalistisches-2016-1\/\" title=\"Link zur Seite - Journalistisches 2016 - 1. Semester\">--><span style=\"font-size: 32px; font-weight: 200;\"><strong>2016<\/strong><\/span><br \/>\ndemn\u00e4chst<!--<\/a>--><\/div>\n<\/div>\n<\/div><\/div><\/div><\/div><\/div><div id=\"pg-11680-5\"  class=\"panel-grid panel-no-style\" ><div id=\"pgc-11680-5-0\"  class=\"panel-grid-cell\" ><div id=\"panel-11680-5-0-0\" class=\"so-panel widget widget_sow-editor panel-first-child panel-last-child\" data-index=\"13\" ><div class=\"panel-widget-style panel-widget-style-for-11680-5-0-0\" ><div\n\t\t\t\n\t\t\tclass=\"so-widget-sow-editor so-widget-sow-editor-base\"\n\t\t\t\n\t\t>\n<div class=\"siteorigin-widget-tinymce textwidget\">\n\t<div align=\"center\"><!--<a href=\"https:\/\/ksm-fotografie.ch\/htm\/journalismus\/journalistisches-2015-1\/\" title=\"Link zur Seite - Journalistisches 2015 - 1. Semester\">--><span style=\"font-size: 32px; font-weight: 200;\"><strong>2015<\/strong><\/span><br \/>\ndemn\u00e4chst<!--<\/a>--><\/div>\n<\/div>\n<\/div><\/div><\/div><\/div><div id=\"pgc-11680-5-1\"  class=\"panel-grid-cell\" ><div id=\"panel-11680-5-1-0\" class=\"so-panel widget widget_sow-editor panel-first-child panel-last-child\" data-index=\"14\" ><div class=\"panel-widget-style panel-widget-style-for-11680-5-1-0\" ><div\n\t\t\t\n\t\t\tclass=\"so-widget-sow-editor so-widget-sow-editor-base\"\n\t\t\t\n\t\t>\n<div class=\"siteorigin-widget-tinymce textwidget\">\n\t<div align=\"center\"><!--<a href=\"https:\/\/ksm-fotografie.ch\/htm\/journalismus\/journalistisches-2014\/\" title=\"Link zur Seite - Journalistisches 2014\">--><span style=\"font-size: 32px; font-weight: 200;\"><strong>2014<\/strong><\/span><br \/>\ndemn\u00e4chst<!--<\/a>--><\/div>\n<\/div>\n<\/div><\/div><\/div><\/div><div id=\"pgc-11680-5-2\"  class=\"panel-grid-cell\" ><div id=\"panel-11680-5-2-0\" class=\"so-panel widget widget_sow-editor panel-first-child panel-last-child\" data-index=\"15\" ><div class=\"panel-widget-style panel-widget-style-for-11680-5-2-0\" ><div\n\t\t\t\n\t\t\tclass=\"so-widget-sow-editor so-widget-sow-editor-base\"\n\t\t\t\n\t\t>\n<div class=\"siteorigin-widget-tinymce textwidget\">\n\t<div align=\"center\"><!--<a href=\"https:\/\/ksm-fotografie.ch\/htm\/journalismus\/journalistisches-2013\/\" title=\"Link zur Seite - Journalistisches 2013\">--><span style=\"font-size: 32px; font-weight: 200;\"><strong>2013<\/strong><\/span><br \/>\ndemn\u00e4chst<!--<\/a>--><\/div>\n<\/div>\n<\/div><\/div><\/div><\/div><div id=\"pgc-11680-5-3\"  class=\"panel-grid-cell\" ><div id=\"panel-11680-5-3-0\" class=\"so-panel widget widget_sow-editor panel-first-child panel-last-child\" data-index=\"16\" ><div class=\"panel-widget-style panel-widget-style-for-11680-5-3-0\" ><div\n\t\t\t\n\t\t\tclass=\"so-widget-sow-editor so-widget-sow-editor-base\"\n\t\t\t\n\t\t>\n<div class=\"siteorigin-widget-tinymce textwidget\">\n\t<div align=\"center\"><!--<a href=\"https:\/\/ksm-fotografie.ch\/htm\/journalismus\/journalistisches-davor\/\" title=\"Link zur Seite - Journalistisches 2012 & vorher\">--><span style=\"font-size: 32px; font-weight: 200;\"><strong>2012<\/strong><\/span><br \/>\ndemn\u00e4chst<!--<\/a>--><\/div>\n<\/div>\n<\/div><\/div><\/div><\/div><div id=\"pgc-11680-5-4\"  class=\"panel-grid-cell\" ><div id=\"panel-11680-5-4-0\" class=\"so-panel widget widget_sow-editor panel-first-child panel-last-child\" data-index=\"17\" ><div class=\"panel-widget-style panel-widget-style-for-11680-5-4-0\" ><div\n\t\t\t\n\t\t\tclass=\"so-widget-sow-editor so-widget-sow-editor-base\"\n\t\t\t\n\t\t>\n<div class=\"siteorigin-widget-tinymce textwidget\">\n\t<div align=\"center\"><a href=\"https:\/\/ksm-fotografie.ch\/htm\/buecher\/\" title=\"Link zur Seite - B\u00fccher von Kerem S. Maurer\"><span style=\"font-size: 32px; font-weight: 200;\"><strong>B\u00fccher<\/strong><\/span><\/a><\/div>\n<\/div>\n<\/div><\/div><\/div><\/div><\/div><div id=\"pg-11680-6\"  class=\"panel-grid panel-no-style\" ><div id=\"pgc-11680-6-0\"  class=\"panel-grid-cell panel-grid-cell-empty\" ><\/div><div id=\"pgc-11680-6-1\"  class=\"panel-grid-cell panel-grid-cell-empty\" ><\/div><div id=\"pgc-11680-6-2\"  class=\"panel-grid-cell panel-grid-cell-empty panel-grid-cell-mobile-last\" ><\/div><div id=\"pgc-11680-6-3\"  class=\"panel-grid-cell panel-grid-cell-empty\" ><\/div><\/div><\/div>","protected":false},"excerpt":{"rendered":"<p>Seit \u00fcber 10 Jahren bin ich redaktionell und journalistisch t\u00e4tig. Hier finden Sie meine Arbeiten, die in meiner Funktion als freier Journalist und Autor ver\u00f6ffentlicht wurden. Zurzeit bin ich regelm\u00e4ssig f\u00fcr folgende Redaktionen als freier Journalist und Pressefotograf t\u00e4tig: Berner Oberl\u00e4nder &#8211; Anzeiger von Saanen Anfragen f\u00fcr eine interessante Zusammenarbeit von weiteren Redaktionen sind herzlich willkommen. Kontaktieren Sie mich. Herzlichst Ihr Kerem S. Maurer<\/p>\n","protected":false},"author":1,"featured_media":0,"parent":0,"menu_order":0,"comment_status":"closed","ping_status":"closed","template":"","meta":{"footnotes":""},"class_list":["post-11680","page","type-page","status-publish","hentry"],"_links":{"self":[{"href":"https:\/\/ksm-fotografie.ch\/htm\/wp-json\/wp\/v2\/pages\/11680","targetHints":{"allow":["GET"]}}],"collection":[{"href":"https:\/\/ksm-fotografie.ch\/htm\/wp-json\/wp\/v2\/pages"}],"about":[{"href":"https:\/\/ksm-fotografie.ch\/htm\/wp-json\/wp\/v2\/types\/page"}],"author":[{"embeddable":true,"href":"https:\/\/ksm-fotografie.ch\/htm\/wp-json\/wp\/v2\/users\/1"}],"replies":[{"embeddable":true,"href":"https:\/\/ksm-fotografie.ch\/htm\/wp-json\/wp\/v2\/comments?post=11680"}],"version-history":[{"count":122,"href":"https:\/\/ksm-fotografie.ch\/htm\/wp-json\/wp\/v2\/pages\/11680\/revisions"}],"predecessor-version":[{"id":55136,"href":"https:\/\/ksm-fotografie.ch\/htm\/wp-json\/wp\/v2\/pages\/11680\/revisions\/55136"}],"wp:attachment":[{"href":"https:\/\/ksm-fotografie.ch\/htm\/wp-json\/wp\/v2\/media?parent=11680"}],"curies":[{"name":"wp","href":"https:\/\/api.w.org\/{rel}","templated":true}]}}